{"id":1162,"date":"2022-11-17T13:40:44","date_gmt":"2022-11-17T12:40:44","guid":{"rendered":"https:\/\/www.spamotos.com\/?page_id=1162"},"modified":"2023-10-26T12:05:29","modified_gmt":"2023-10-26T10:05:29","slug":"cookie-policy","status":"publish","type":"page","link":"https:\/\/www.spamotos.com\/fr\/cookie-policy\/","title":{"rendered":"Cookies"},"content":{"rendered":"\t\t<div data-elementor-type=\"wp-page\" data-elementor-id=\"1162\" class=\"elementor elementor-1162\">\n\t\t\t\t\t\t\t\t\t<section class=\"elementor-section elementor-top-section elementor-element elementor-element-9bc61d8 elementor-section-boxed elementor-section-height-default elementor-section-height-default\" data-id=\"9bc61d8\" data-element_type=\"section\">\n\t\t\t\t\t\t<div class=\"elementor-container elementor-column-gap-default\">\n\t\t\t\t\t<div class=\"elementor-column elementor-col-100 elementor-top-column elementor-element elementor-element-9a1f418\" data-id=\"9a1f418\" data-element_type=\"column\">\n\t\t\t<div class=\"elementor-widget-wrap elementor-element-populated\">\n\t\t\t\t\t\t\t\t<div class=\"elementor-element elementor-element-5928a7c elementor-widget elementor-widget-heading\" data-id=\"5928a7c\" data-element_type=\"widget\" data-widget_type=\"heading.default\">\n\t\t\t\t<div class=\"elementor-widget-container\">\n\t\t\t<style>\/*! elementor - v3.8.1 - 13-11-2022 *\/\n.elementor-heading-title{padding:0;margin:0;line-height:1}.elementor-widget-heading .elementor-heading-title[class*=elementor-size-]>a{color:inherit;font-size:inherit;line-height:inherit}.elementor-widget-heading .elementor-heading-title.elementor-size-small{font-size:15px}.elementor-widget-heading .elementor-heading-title.elementor-size-medium{font-size:19px}.elementor-widget-heading .elementor-heading-title.elementor-size-large{font-size:29px}.elementor-widget-heading .elementor-heading-title.elementor-size-xl{font-size:39px}.elementor-widget-heading .elementor-heading-title.elementor-size-xxl{font-size:59px}<\/style><h2 class=\"elementor-heading-title elementor-size-default\">QUE SONT LES COOKIES?<\/h2>\t\t<\/div>\n\t\t\t\t<\/div>\n\t\t\t\t<div class=\"elementor-element elementor-element-821e7c4 elementor-widget elementor-widget-text-editor\" data-id=\"821e7c4\" data-element_type=\"widget\" data-widget_type=\"text-editor.default\">\n\t\t\t\t<div class=\"elementor-widget-container\">\n\t\t\t<style>\/*! elementor - v3.8.1 - 13-11-2022 *\/\n.elementor-widget-text-editor.elementor-drop-cap-view-stacked .elementor-drop-cap{background-color:#818a91;color:#fff}.elementor-widget-text-editor.elementor-drop-cap-view-framed .elementor-drop-cap{color:#818a91;border:3px solid;background-color:transparent}.elementor-widget-text-editor:not(.elementor-drop-cap-view-default) .elementor-drop-cap{margin-top:8px}.elementor-widget-text-editor:not(.elementor-drop-cap-view-default) .elementor-drop-cap-letter{width:1em;height:1em}.elementor-widget-text-editor .elementor-drop-cap{float:left;text-align:center;line-height:1;font-size:50px}.elementor-widget-text-editor .elementor-drop-cap-letter{display:inline-block}<\/style>\t\t\t\t<p>Les cookies sont de petits fichiers que les sites Web mettent sur le disque dur de votre ordinateur lors de votre premi\u00e8re visite.<\/p><p>\u00a0<\/p><p>Le cookie contient un code unique permettant de reconna\u00eetre votre navigateur lors de votre visite sur le site web (\u00ab\u00a0cookie de session\u00a0\u00bb) ou lors de futures visites r\u00e9p\u00e9t\u00e9es (\u00ab\u00a0cookie permanent\u00a0\u00bb). Les cookies peuvent \u00eatre plac\u00e9s par le serveur du site web que vous visitez ou par des partenaires avec lesquels ce site web collabore. Le serveur d&rsquo;un site web peut uniquement lire les cookies qu&rsquo;il a lui-m\u00eame plac\u00e9s ; il n&rsquo;a acc\u00e8s \u00e0 aucune autre information se trouvant sur votre ordinateur ou sur votre appareil mobile. Les cookies sont stock\u00e9s sur votre ordinateur ou appareil mobile dans le r\u00e9pertoire de votre navigateur. Le contenu d&rsquo;un cookie se compose en g\u00e9n\u00e9ral du nom du serveur qui a plac\u00e9 le cookie, d&rsquo;une date d&rsquo;expiration et d&rsquo;un code chiffr\u00e9 unique.<\/p><p>\u00a0<\/p><p><strong>Important : les cookies sont totalement inoffensifs. Ils n\u2019effacent aucune donn\u00e9e de votre ordinateur, n\u2019alt\u00e8rent aucun fichier ou programme et ne peuvent contenir aucun virus.<\/strong><\/p>\t\t\t\t\t\t<\/div>\n\t\t\t\t<\/div>\n\t\t\t\t<div class=\"elementor-element elementor-element-5d8dbbb elementor-widget elementor-widget-heading\" data-id=\"5d8dbbb\" data-element_type=\"widget\" data-widget_type=\"heading.default\">\n\t\t\t\t<div class=\"elementor-widget-container\">\n\t\t\t<h2 class=\"elementor-heading-title elementor-size-default\">\u00c0 QUOI SERVENT LES COOKIES ?<\/h2>\t\t<\/div>\n\t\t\t\t<\/div>\n\t\t\t\t<div class=\"elementor-element elementor-element-e83f07c elementor-widget elementor-widget-text-editor\" data-id=\"e83f07c\" data-element_type=\"widget\" data-widget_type=\"text-editor.default\">\n\t\t\t\t<div class=\"elementor-widget-container\">\n\t\t\t\t\t\t\t<p>Gr\u00e2ce \u00e0 un cookie, notre site internet peut vous reconna\u00eetre tout en pr\u00e9servant votre anonymat. Le site internet prend connaissance de vos pr\u00e9f\u00e9rences et s\u2019adapte automatiquement \u00e0 vos souhaits. Mais ces informations ne sont aucunement li\u00e9es \u00e0 votre nom ou identit\u00e9. Ainsi, par exemple, ces cookies vous permettent de surfer directement dans votre langue, vous \u00e9vitent de devoir \u00e0 chaque fois compl\u00e9ter vos donn\u00e9es de connexion. En clair, ils rendent l\u2019utilisation de ce site internet beaucoup plus rapide et agr\u00e9able.<\/p><p>\u00a0<\/p><p>Les cookies peuvent vous aider \u00e0 \u00eatre plus efficace. Avez-vous d\u00e9j\u00e0 mis un article dans un panier virtuel sur une boutique en ligne et y \u00eates-vous retourn\u00e9 quelques jours plus tard et avez-vous vu que votre article s&rsquo;y trouve toujours ? C&rsquo;est un exemple du travail des cookies.<\/p><p>\u00a0<\/p><p>Les cookies peuvent \u00e9galement \u00eatre utilis\u00e9s pour rendre le contenu d&rsquo;un site web ou la publicit\u00e9 pr\u00e9sente sur ce site plus pertinents pour le visiteur et adapter le site web aux go\u00fbts personnels et aux besoins du visiteur.<\/p>\t\t\t\t\t\t<\/div>\n\t\t\t\t<\/div>\n\t\t\t\t<div class=\"elementor-element elementor-element-8148a68 elementor-widget elementor-widget-heading\" data-id=\"8148a68\" data-element_type=\"widget\" data-widget_type=\"heading.default\">\n\t\t\t\t<div class=\"elementor-widget-container\">\n\t\t\t<h2 class=\"elementor-heading-title elementor-size-default\">QUELS SONT LES TYPES DE COOKIES UTILIS\u00c9S ?<\/h2>\t\t<\/div>\n\t\t\t\t<\/div>\n\t\t\t\t<div class=\"elementor-element elementor-element-9ace1e4 elementor-widget elementor-widget-text-editor\" data-id=\"9ace1e4\" data-element_type=\"widget\" data-widget_type=\"text-editor.default\">\n\t\t\t\t<div class=\"elementor-widget-container\">\n\t\t\t\t\t\t\t<p>Votre consentement: Autoriser tous les cookies (Pr\u00e9f\u00e9rences, Statistiques, Marketing).<\/p>\t\t\t\t\t\t<\/div>\n\t\t\t\t<\/div>\n\t\t\t\t<div class=\"elementor-element elementor-element-630a0de elementor-widget elementor-widget-text-editor\" data-id=\"630a0de\" data-element_type=\"widget\" data-widget_type=\"text-editor.default\">\n\t\t\t\t<div class=\"elementor-widget-container\">\n\t\t\t\t\t\t\t<p>Nous utilisons diff\u00e9rents types de cookies sur ce site web.<\/p>\t\t\t\t\t\t<\/div>\n\t\t\t\t<\/div>\n\t\t\t\t<div class=\"elementor-element elementor-element-78a5cf7 cky-banner-element  btn-secondary elementor-widget elementor-widget-button\" data-id=\"78a5cf7\" data-element_type=\"widget\" data-widget_type=\"button.default\">\n\t\t\t\t<div class=\"elementor-widget-container\">\n\t\t\t\t\t<div class=\"elementor-button-wrapper\">\n\t\t\t<a href=\"#\" class=\"elementor-button-link elementor-button elementor-size-sm\" role=\"button\">\n\t\t\t\t\t\t<span class=\"elementor-button-content-wrapper\">\n\t\t\t\t\t\t<span class=\"elementor-button-text\">Modifier votre consentement<\/span>\n\t\t<\/span>\n\t\t\t\t\t<\/a>\n\t\t<\/div>\n\t\t\t\t<\/div>\n\t\t\t\t<\/div>\n\t\t\t\t\t<\/div>\n\t\t<\/div>\n\t\t\t\t\t\t\t<\/div>\n\t\t<\/section>\n\t\t\t\t\t\t\t<\/div>\n\t\t","protected":false},"excerpt":{"rendered":"<p>QUE SONT LES COOKIES? Les cookies sont de petits fichiers que les sites Web mettent sur le disque dur de votre ordinateur lors de votre premi\u00e8re visite. Le cookie contient un code unique permettant de reconna\u00eetre votre navigateur lors de votre visite sur le site web (\u00ab\u00a0cookie de session\u00a0\u00bb) ou lors de futures visites r\u00e9p\u00e9t\u00e9es [&hellip;]<\/p>\n","protected":false},"author":1,"featured_media":0,"parent":0,"menu_order":0,"comment_status":"closed","ping_status":"closed","template":"","meta":{"footnotes":""},"acf":[],"yoast_head":"<!-- This site is optimized with the Yoast SEO plugin v21.6 - https:\/\/yoast.com\/wordpress\/plugins\/seo\/ -->\n<title>Cookies - 8h SPA Motos<\/title>\n<meta name=\"description\" content=\"Politique d&#039;utilisation des cookies sur le site des 8h Spa Motos.\" \/>\n<meta name=\"robots\" content=\"index, follow, max-snippet:-1, max-image-preview:large, max-video-preview:-1\" \/>\n<link rel=\"canonical\" href=\"https:\/\/www.spamotos.com\/fr\/cookie-policy\/\" \/>\n<meta property=\"og:locale\" content=\"fr_FR\" \/>\n<meta property=\"og:type\" content=\"article\" \/>\n<meta property=\"og:title\" content=\"Cookies - 8h SPA Motos\" \/>\n<meta property=\"og:description\" content=\"Politique d&#039;utilisation des cookies sur le site des 8h Spa Motos.\" \/>\n<meta property=\"og:url\" content=\"https:\/\/www.spamotos.com\/fr\/cookie-policy\/\" \/>\n<meta property=\"og:site_name\" content=\"8h SPA Motos\" \/>\n<meta property=\"article:publisher\" content=\"https:\/\/www.facebook.com\/24hspamotos\" \/>\n<meta property=\"article:modified_time\" content=\"2023-10-26T10:05:29+00:00\" \/>\n<meta name=\"twitter:card\" content=\"summary_large_image\" \/>\n<meta name=\"twitter:site\" content=\"@24hspamotos\" \/>\n<script type=\"application\/ld+json\" class=\"yoast-schema-graph\">{\"@context\":\"https:\/\/schema.org\",\"@graph\":[{\"@type\":\"WebPage\",\"@id\":\"https:\/\/www.spamotos.com\/fr\/cookie-policy\/\",\"url\":\"https:\/\/www.spamotos.com\/fr\/cookie-policy\/\",\"name\":\"Cookies - 8h SPA Motos\",\"isPartOf\":{\"@id\":\"https:\/\/www.spamotos.com\/fr\/#website\"},\"datePublished\":\"2022-11-17T12:40:44+00:00\",\"dateModified\":\"2023-10-26T10:05:29+00:00\",\"description\":\"Politique d'utilisation des cookies sur le site des 8h Spa Motos.\",\"breadcrumb\":{\"@id\":\"https:\/\/www.spamotos.com\/fr\/cookie-policy\/#breadcrumb\"},\"inLanguage\":\"fr-FR\",\"potentialAction\":[{\"@type\":\"ReadAction\",\"target\":[\"https:\/\/www.spamotos.com\/fr\/cookie-policy\/\"]}]},{\"@type\":\"BreadcrumbList\",\"@id\":\"https:\/\/www.spamotos.com\/fr\/cookie-policy\/#breadcrumb\",\"itemListElement\":[{\"@type\":\"ListItem\",\"position\":1,\"name\":\"Accueil\",\"item\":\"https:\/\/www.spamotos.com\/fr\/\"},{\"@type\":\"ListItem\",\"position\":2,\"name\":\"Cookies\"}]},{\"@type\":\"WebSite\",\"@id\":\"https:\/\/www.spamotos.com\/fr\/#website\",\"url\":\"https:\/\/www.spamotos.com\/fr\/\",\"name\":\"8h SPA Motos\",\"description\":\"Un site utilisant WordPress\",\"publisher\":{\"@id\":\"https:\/\/www.spamotos.com\/fr\/#organization\"},\"potentialAction\":[{\"@type\":\"SearchAction\",\"target\":{\"@type\":\"EntryPoint\",\"urlTemplate\":\"https:\/\/www.spamotos.com\/fr\/?s={search_term_string}\"},\"query-input\":\"required name=search_term_string\"}],\"inLanguage\":\"fr-FR\"},{\"@type\":\"Organization\",\"@id\":\"https:\/\/www.spamotos.com\/fr\/#organization\",\"name\":\"8h SPA Motos\",\"url\":\"https:\/\/www.spamotos.com\/fr\/\",\"logo\":{\"@type\":\"ImageObject\",\"inLanguage\":\"fr-FR\",\"@id\":\"https:\/\/www.spamotos.com\/fr\/#\/schema\/logo\/image\/\",\"url\":\"https:\/\/www.spamotos.com\/wp-content\/uploads\/2023\/11\/cropped-8Hours-Positif-test-2.png\",\"contentUrl\":\"https:\/\/www.spamotos.com\/wp-content\/uploads\/2023\/11\/cropped-8Hours-Positif-test-2.png\",\"width\":443,\"height\":200,\"caption\":\"8h SPA Motos\"},\"image\":{\"@id\":\"https:\/\/www.spamotos.com\/fr\/#\/schema\/logo\/image\/\"},\"sameAs\":[\"https:\/\/www.facebook.com\/24hspamotos\",\"https:\/\/twitter.com\/24hspamotos\",\"https:\/\/www.instagram.com\/24hspamotos\",\"https:\/\/www.tiktok.com\/@24hspamotos\"]}]}<\/script>\n<!-- \/ Yoast SEO plugin. -->","yoast_head_json":{"title":"Cookies - 8h SPA Motos","description":"Politique d'utilisation des cookies sur le site des 8h Spa Motos.","robots":{"index":"index","follow":"follow","max-snippet":"max-snippet:-1","max-image-preview":"max-image-preview:large","max-video-preview":"max-video-preview:-1"},"canonical":"https:\/\/www.spamotos.com\/fr\/cookie-policy\/","og_locale":"fr_FR","og_type":"article","og_title":"Cookies - 8h SPA Motos","og_description":"Politique d'utilisation des cookies sur le site des 8h Spa Motos.","og_url":"https:\/\/www.spamotos.com\/fr\/cookie-policy\/","og_site_name":"8h SPA Motos","article_publisher":"https:\/\/www.facebook.com\/24hspamotos","article_modified_time":"2023-10-26T10:05:29+00:00","twitter_card":"summary_large_image","twitter_site":"@24hspamotos","schema":{"@context":"https:\/\/schema.org","@graph":[{"@type":"WebPage","@id":"https:\/\/www.spamotos.com\/fr\/cookie-policy\/","url":"https:\/\/www.spamotos.com\/fr\/cookie-policy\/","name":"Cookies - 8h SPA Motos","isPartOf":{"@id":"https:\/\/www.spamotos.com\/fr\/#website"},"datePublished":"2022-11-17T12:40:44+00:00","dateModified":"2023-10-26T10:05:29+00:00","description":"Politique d'utilisation des cookies sur le site des 8h Spa Motos.","breadcrumb":{"@id":"https:\/\/www.spamotos.com\/fr\/cookie-policy\/#breadcrumb"},"inLanguage":"fr-FR","potentialAction":[{"@type":"ReadAction","target":["https:\/\/www.spamotos.com\/fr\/cookie-policy\/"]}]},{"@type":"BreadcrumbList","@id":"https:\/\/www.spamotos.com\/fr\/cookie-policy\/#breadcrumb","itemListElement":[{"@type":"ListItem","position":1,"name":"Accueil","item":"https:\/\/www.spamotos.com\/fr\/"},{"@type":"ListItem","position":2,"name":"Cookies"}]},{"@type":"WebSite","@id":"https:\/\/www.spamotos.com\/fr\/#website","url":"https:\/\/www.spamotos.com\/fr\/","name":"8h SPA Motos","description":"Un site utilisant WordPress","publisher":{"@id":"https:\/\/www.spamotos.com\/fr\/#organization"},"potentialAction":[{"@type":"SearchAction","target":{"@type":"EntryPoint","urlTemplate":"https:\/\/www.spamotos.com\/fr\/?s={search_term_string}"},"query-input":"required name=search_term_string"}],"inLanguage":"fr-FR"},{"@type":"Organization","@id":"https:\/\/www.spamotos.com\/fr\/#organization","name":"8h SPA Motos","url":"https:\/\/www.spamotos.com\/fr\/","logo":{"@type":"ImageObject","inLanguage":"fr-FR","@id":"https:\/\/www.spamotos.com\/fr\/#\/schema\/logo\/image\/","url":"https:\/\/www.spamotos.com\/wp-content\/uploads\/2023\/11\/cropped-8Hours-Positif-test-2.png","contentUrl":"https:\/\/www.spamotos.com\/wp-content\/uploads\/2023\/11\/cropped-8Hours-Positif-test-2.png","width":443,"height":200,"caption":"8h SPA Motos"},"image":{"@id":"https:\/\/www.spamotos.com\/fr\/#\/schema\/logo\/image\/"},"sameAs":["https:\/\/www.facebook.com\/24hspamotos","https:\/\/twitter.com\/24hspamotos","https:\/\/www.instagram.com\/24hspamotos","https:\/\/www.tiktok.com\/@24hspamotos"]}]}},"_links":{"self":[{"href":"https:\/\/www.spamotos.com\/fr\/wp-json\/wp\/v2\/pages\/1162"}],"collection":[{"href":"https:\/\/www.spamotos.com\/fr\/wp-json\/wp\/v2\/pages"}],"about":[{"href":"https:\/\/www.spamotos.com\/fr\/wp-json\/wp\/v2\/types\/page"}],"author":[{"embeddable":true,"href":"https:\/\/www.spamotos.com\/fr\/wp-json\/wp\/v2\/users\/1"}],"replies":[{"embeddable":true,"href":"https:\/\/www.spamotos.com\/fr\/wp-json\/wp\/v2\/comments?post=1162"}],"version-history":[{"count":37,"href":"https:\/\/www.spamotos.com\/fr\/wp-json\/wp\/v2\/pages\/1162\/revisions"}],"predecessor-version":[{"id":11097,"href":"https:\/\/www.spamotos.com\/fr\/wp-json\/wp\/v2\/pages\/1162\/revisions\/11097"}],"wp:attachment":[{"href":"https:\/\/www.spamotos.com\/fr\/wp-json\/wp\/v2\/media?parent=1162"}],"curies":[{"name":"wp","href":"https:\/\/api.w.org\/{rel}","templated":true}]}}